{"id":615,"date":"2020-03-09T19:01:18","date_gmt":"2020-03-10T01:01:18","guid":{"rendered":"https:\/\/maximizandotupension.com\/blog\/?page_id=615"},"modified":"2023-10-20T18:36:03","modified_gmt":"2023-10-21T00:36:03","slug":"esta-informacion-esta-dirigida","status":"publish","type":"page","link":"https:\/\/maximizandotupension.com\/blog\/esta-informacion-esta-dirigida\/","title":{"rendered":"Tienes entre 45 y 55 a\u00f1os"},"content":{"rendered":"<h1 style=\"text-align: center;\"><\/h1>\n<h1><span style=\"color: #003366;\">A Ti que tienes entre 45 y 55 A\u00f1os.<\/span><\/h1>\n<p align=\"justify\"><big>Sab\u00edas que si cotizaste\u00a0<span style=\"color: #ff0000;\"><b>al menos una semana antes de 1 de Julio de 1997 en el IMSS<\/b>, <\/span>pudieras lograr una Pensi\u00f3n de<strong>\u00a0<span style=\"color: #003366;\">$20,000, $30,000 o hasta m\u00e1s de $40,000.00 pesos<\/span> mensuales<\/strong>\u00a0despu\u00e9s de los 60 a\u00f1os,\u00a0<b>aun incluso si tienes a\u00f1os de no cotizar en el IMSS<\/b>.<\/big><\/p>\n<p align=\"justify\"><big>Te brindamos asesor\u00eda profesional para recuperar tus derechos, hacer una plantaci\u00f3n estrat\u00e9gica de tu pensi\u00f3n y corregir cualquier situaci\u00f3n en tu caso.<\/big><\/p>\n<p align=\"justify\"><big>Si no est\u00e1s cotizando actualmente conocer tu estatus y hacer tu planeaci\u00f3n, te llevara a pensionarte con los mejores beneficios de la ley del IMSS.\u00a0<\/big><\/p>\n<p align=\"justify\"><big>Si tienes m\u00e1s de 40 a\u00f1os te ayudara a que tus decisiones sean correctas y planear, si\u00a0ya te falta menos para pensionarte es\u00a0<span style=\"color: #003366;\"><b>IMPRESCINDIBLE<\/b><\/span>\u00a0para poder Maximizar tu Pensi\u00f3n.<\/big><\/p>\n<p><strong><span style=\"color: #ff0000;\">Para recibir mas informaci\u00f3n registrate a nuestro bolet\u00edn\u00a0 y recibir\u00e1s un v\u00eddeo sobre la pensi\u00f3n IMSS actualizado y adem\u00e1s descargaras el reporte maximizando tu pensi\u00f3n informaci\u00f3n de suma importancia.\u00a0<\/span> \u00a0 \u00a0 \u00a0 \u00a0 \u00a0 \u00a0 \u00a0 \u00a0 \u00a0 \u00a0 \u00a0 \u00a0 \u00a0 \u00a0 \u00a0 \u00a0 \u00a0 \u00a0 \u00a0 \u00a0 \u00a0 \u00a0 \u00a0 \u00a0 \u00a0 \u00a0 \u00a0 \u00a0 \u00a0 \u00a0 \u00a0 \u00a0 \u00a0 \u00a0 \u00a0 \u00a0 \u00a0 \u00a0 \u00a0 \u00a0 \u00a0 \u00a0 \u00a0 \u00a0 \u00a0 \u00a0 \u00a0 \u00a0 \u00a0 \u00a0 \u00a0 \u00a0 \u00a0 \u00a0 \u00a0 \u00a0 \u00a0 \u00a0 <\/strong><\/p>\n<div class=\"email-octopus-form-row-subscribe\" style=\"text-align: center;\">\n<p>&nbsp;<\/p>\n<div class=\"email-octopus-form-wrapper\">\n<form class=\"email-octopus-form\" action=\"https:\/\/emailoctopus.com\/lists\/cfe16525-7cdf-11e9-9307-06b4694bee2a\/members\/embedded\/1.3\/add\" method=\"post\" data-sitekey=\"6LdYsmsUAAAAAPXVTt-ovRsPIJ_IVhvYBBhGvRV6\">\n<div class=\"email-octopus-form-row\"><label for=\"field_5\">Nombre<\/label><br \/>\n<input id=\"field_5\" name=\"field_5\" type=\"text\" placeholder=\"\" \/><\/div>\n<div class=\"email-octopus-form-row\"><label for=\"field_6\">Apellido<\/label><br \/>\n<input id=\"field_6\" name=\"field_6\" type=\"text\" placeholder=\"\" \/><\/div>\n<div class=\"email-octopus-form-row\"><label for=\"field_0\">Correo Electr\u00f3nico<\/label><br \/>\n<input id=\"field_0\" name=\"field_0\" type=\"email\" placeholder=\"\" \/><\/div>\n<div class=\"email-octopus-form-row\"><label for=\"field_3\">Ciudad donde radicas<\/label><br \/>\n<input id=\"field_3\" name=\"field_3\" type=\"text\" placeholder=\"\" \/><\/div>\n<div class=\"email-octopus-form-row\"><label for=\"field_4\">Edad<\/label><br \/>\n<input id=\"field_4\" name=\"field_4\" type=\"text\" placeholder=\"\" \/><\/div>\n<div class=\"email-octopus-form-row-hp\" aria-hidden=\"true\"><!-- Do not remove this field, otherwise you risk bot sign-ups --><br \/>\n<input tabindex=\"-1\" autocomplete=\"nope\" name=\"hpcfe16525-7cdf-11e9-9307-06b4694bee2a\" type=\"text\" \/><\/div>\n<div class=\"email-octopus-form-row-subscribe\"><input name=\"successRedirectUrl\" type=\"hidden\" value=\"https:\/\/maximizandotupension.com\/video-pensiones-imss\/\" \/><br \/>\n<button type=\"submit\">Enviar Informaci\u00f3n<\/button><\/div>\n<\/form>\n<\/div>\n<p><script src=\"https:\/\/ajax.googleapis.com\/ajax\/libs\/jquery\/3.0.0\/jquery.min.js\"><\/script><br \/>\n<script src=\"https:\/\/emailoctopus.com\/bundles\/emailoctopuslist\/js\/1.3\/formEmbed.js\"><\/script><\/p>\n<\/div>\n","protected":false},"excerpt":{"rendered":"<p>A Ti que tienes entre 45 y 55 A\u00f1os. Sab\u00edas que si cotizaste\u00a0al menos una semana antes de 1 de Julio de 1997 en el IMSS, pudieras lograr una Pensi\u00f3n de\u00a0$20,000, $30,000 o hasta m\u00e1s de $40,000.00 pesos mensuales\u00a0despu\u00e9s de los 60 a\u00f1os,\u00a0aun incluso si tienes a\u00f1os de no cotizar en el IMSS. Te brindamos [&hellip;]<\/p>\n","protected":false},"author":1,"featured_media":0,"parent":0,"menu_order":0,"comment_status":"closed","ping_status":"closed","template":"","meta":{"footnotes":""},"class_list":["post-615","page","type-page","status-publish","hentry"],"aioseo_notices":[],"_links":{"self":[{"href":"https:\/\/maximizandotupension.com\/blog\/wp-json\/wp\/v2\/pages\/615","targetHints":{"allow":["GET"]}}],"collection":[{"href":"https:\/\/maximizandotupension.com\/blog\/wp-json\/wp\/v2\/pages"}],"about":[{"href":"https:\/\/maximizandotupension.com\/blog\/wp-json\/wp\/v2\/types\/page"}],"author":[{"embeddable":true,"href":"https:\/\/maximizandotupension.com\/blog\/wp-json\/wp\/v2\/users\/1"}],"replies":[{"embeddable":true,"href":"https:\/\/maximizandotupension.com\/blog\/wp-json\/wp\/v2\/comments?post=615"}],"version-history":[{"count":13,"href":"https:\/\/maximizandotupension.com\/blog\/wp-json\/wp\/v2\/pages\/615\/revisions"}],"predecessor-version":[{"id":24638,"href":"https:\/\/maximizandotupension.com\/blog\/wp-json\/wp\/v2\/pages\/615\/revisions\/24638"}],"wp:attachment":[{"href":"https:\/\/maximizandotupension.com\/blog\/wp-json\/wp\/v2\/media?parent=615"}],"curies":[{"name":"wp","href":"https:\/\/api.w.org\/{rel}","templated":true}]}}