{"id":173,"date":"2015-06-03T12:50:10","date_gmt":"2015-06-03T17:50:10","guid":{"rendered":"http:\/\/maximizandotupension.com\/blog\/?page_id=173"},"modified":"2023-10-20T18:37:57","modified_gmt":"2023-10-21T00:37:57","slug":"asesoria-personalizada","status":"publish","type":"page","link":"https:\/\/maximizandotupension.com\/blog\/asesoria-personalizada\/","title":{"rendered":"ASESOR\u00cdA PERSONALIZADA"},"content":{"rendered":"<p style=\"text-align: justify;\"><span style=\"font-family: arial, helvetica, sans-serif; font-size: 12pt;\">Contamos con el servicio de asesor\u00edas personalizadas en Monterrey y por videollamada para fuera de la ciudad en cualquier parte de la Rep\u00fablica Mexicana.<\/span><\/p>\n<p style=\"text-align: justify;\"><span style=\"font-family: arial, helvetica, sans-serif; font-size: 12pt;\">Quieres conocer acerca de tu posible pensi\u00f3n IMSS Ley 73.<\/span><\/p>\n<p style=\"text-align: justify;\"><span style=\"font-family: arial, helvetica, sans-serif; font-size: 12pt;\">Nosotros revisamos tu caso de pensi\u00f3n a fin de que logres tu pensi\u00f3n y sobre todo que sea tu m\u00e1xima pensi\u00f3n posible, la asesor\u00eda empieza por conocer tus derechos y verlos como los ve el IMSS, resolver problemas que pudieras tener en tu historial laboral a fin de que sea lo correcto y justo, conocer los pasos a seguir a fin de lograr pensionarte y c\u00f3mo hacerlo con tu m\u00e1xima pensi\u00f3n posible, con nuestras recomendaciones de tu caso, evaluando los posibles escenarios de pensi\u00f3n de acuerdo a tus acciones.<\/span><\/p>\n<p style=\"text-align: justify;\"><span style=\"font-family: arial, helvetica, sans-serif; font-size: 12pt;\">Hemos hecho m\u00e1s de 1000 casos de pensiones, para contactarnos, env\u00edanos un email a asesoriamtp2022@gmail.com<\/span><\/p>\n","protected":false},"excerpt":{"rendered":"<p>Contamos con el servicio de asesor\u00edas personalizadas en Monterrey y por videollamada para fuera de la ciudad en cualquier parte de la Rep\u00fablica Mexicana. Quieres conocer acerca de tu posible pensi\u00f3n IMSS Ley 73. Nosotros revisamos tu caso de pensi\u00f3n a fin de que logres tu pensi\u00f3n y sobre todo que sea tu m\u00e1xima pensi\u00f3n [&hellip;]<\/p>\n","protected":false},"author":1,"featured_media":0,"parent":0,"menu_order":0,"comment_status":"closed","ping_status":"closed","template":"","meta":{"footnotes":""},"class_list":["post-173","page","type-page","status-publish","hentry"],"aioseo_notices":[],"_links":{"self":[{"href":"https:\/\/maximizandotupension.com\/blog\/wp-json\/wp\/v2\/pages\/173","targetHints":{"allow":["GET"]}}],"collection":[{"href":"https:\/\/maximizandotupension.com\/blog\/wp-json\/wp\/v2\/pages"}],"about":[{"href":"https:\/\/maximizandotupension.com\/blog\/wp-json\/wp\/v2\/types\/page"}],"author":[{"embeddable":true,"href":"https:\/\/maximizandotupension.com\/blog\/wp-json\/wp\/v2\/users\/1"}],"replies":[{"embeddable":true,"href":"https:\/\/maximizandotupension.com\/blog\/wp-json\/wp\/v2\/comments?post=173"}],"version-history":[{"count":5,"href":"https:\/\/maximizandotupension.com\/blog\/wp-json\/wp\/v2\/pages\/173\/revisions"}],"predecessor-version":[{"id":24501,"href":"https:\/\/maximizandotupension.com\/blog\/wp-json\/wp\/v2\/pages\/173\/revisions\/24501"}],"wp:attachment":[{"href":"https:\/\/maximizandotupension.com\/blog\/wp-json\/wp\/v2\/media?parent=173"}],"curies":[{"name":"wp","href":"https:\/\/api.w.org\/{rel}","templated":true}]}}