{"id":17,"date":"2014-10-09T12:02:53","date_gmt":"2014-10-09T17:02:53","guid":{"rendered":"http:\/\/maximizandotupension.com\/blog\/?page_id=17"},"modified":"2023-10-20T18:33:26","modified_gmt":"2023-10-21T00:33:26","slug":"quienes-somos","status":"publish","type":"page","link":"https:\/\/maximizandotupension.com\/blog\/quienes-somos\/","title":{"rendered":"QUIENES SOMOS"},"content":{"rendered":"<h1 style=\"text-align: justify;\"><strong>Hola<\/strong> \u00a0<a href=\"http:\/\/maximizandotupension.com\/blog\/wp-content\/uploads\/2014\/10\/foto-rogelio.jpg\"><img fetchpriority=\"high\" decoding=\"async\" class=\"alignright wp-image-24 size-medium\" src=\"http:\/\/maximizandotupension.com\/blog\/wp-content\/uploads\/2014\/10\/foto-rogelio-218x300.jpg\" alt=\"foto rogelio\" width=\"218\" height=\"300\" srcset=\"https:\/\/maximizandotupension.com\/blog\/wp-content\/uploads\/2014\/10\/foto-rogelio-218x300.jpg 218w, https:\/\/maximizandotupension.com\/blog\/wp-content\/uploads\/2014\/10\/foto-rogelio.jpg 354w\" sizes=\"(max-width: 218px) 100vw, 218px\" \/><\/a><\/h1>\n<p style=\"text-align: justify;\"><span style=\"font-size: 12pt;\">Mi nombre es Rogelio Garza soy asesor profesional de pensiones y socio Co-Fundador del despacho de asesor\u00eda <strong>MAXIMIZANDO TU PENSI\u00d3N<\/strong>.<\/span><\/p>\n<p style=\"text-align: justify;\"><span style=\"font-size: 12pt;\">De antemano mil gracias por visitar nuestro blog, el objetivo principal de este blog es brindarte asesor\u00eda en cuesti\u00f3n de pensiones la idea surge al realizar un estudio en M\u00e9xico observamos que la mayor\u00eda de las personas que se pensionan en M\u00e9xico se pensionan con cantidades muy baja en algunos de los casos pudo haber sido por falta de recursos y en otros muchos casos se debi\u00f3 a la falta de informaci\u00f3n.<\/span><\/p>\n<p style=\"text-align: justify;\"><span style=\"font-size: 12pt;\">Existen muchas estrategias que se pueden hacer para lograr una pensi\u00f3n digna pero si las personas no est\u00e1n informadas correctamente es dif\u00edcil que puedan aplicar estas t\u00e9cnicas.<\/span><\/p>\n<p style=\"text-align: justify;\"><span style=\"font-size: 12pt;\">La realidad es que las personas que trabajan en el IMSS no siempre te dan la informaci\u00f3n que t\u00fa necesitas para poder lograr una pensi\u00f3n digna.<\/span><\/p>\n<p style=\"text-align: justify;\"><span style=\"font-size: 12pt;\">Una vez m\u00e1s mil gracias por visitar nuestro sitio web, y esperemos poderte ayudar.<\/span><\/p>\n","protected":false},"excerpt":{"rendered":"<p>Hola \u00a0 Mi nombre es Rogelio Garza soy asesor profesional de pensiones y socio Co-Fundador del despacho de asesor\u00eda MAXIMIZANDO TU PENSI\u00d3N. De antemano mil gracias por visitar nuestro blog, el objetivo principal de este blog es brindarte asesor\u00eda en cuesti\u00f3n de pensiones la idea surge al realizar un estudio en M\u00e9xico observamos que la [&hellip;]<\/p>\n","protected":false},"author":1,"featured_media":0,"parent":0,"menu_order":1,"comment_status":"closed","ping_status":"closed","template":"","meta":{"footnotes":""},"class_list":["post-17","page","type-page","status-publish","hentry"],"aioseo_notices":[],"_links":{"self":[{"href":"https:\/\/maximizandotupension.com\/blog\/wp-json\/wp\/v2\/pages\/17","targetHints":{"allow":["GET"]}}],"collection":[{"href":"https:\/\/maximizandotupension.com\/blog\/wp-json\/wp\/v2\/pages"}],"about":[{"href":"https:\/\/maximizandotupension.com\/blog\/wp-json\/wp\/v2\/types\/page"}],"author":[{"embeddable":true,"href":"https:\/\/maximizandotupension.com\/blog\/wp-json\/wp\/v2\/users\/1"}],"replies":[{"embeddable":true,"href":"https:\/\/maximizandotupension.com\/blog\/wp-json\/wp\/v2\/comments?post=17"}],"version-history":[{"count":26,"href":"https:\/\/maximizandotupension.com\/blog\/wp-json\/wp\/v2\/pages\/17\/revisions"}],"predecessor-version":[{"id":24497,"href":"https:\/\/maximizandotupension.com\/blog\/wp-json\/wp\/v2\/pages\/17\/revisions\/24497"}],"wp:attachment":[{"href":"https:\/\/maximizandotupension.com\/blog\/wp-json\/wp\/v2\/media?parent=17"}],"curies":[{"name":"wp","href":"https:\/\/api.w.org\/{rel}","templated":true}]}}